{"id":829,"date":"2024-08-12T09:14:06","date_gmt":"2024-08-12T07:14:06","guid":{"rendered":"https:\/\/demat.si\/?page_id=829"},"modified":"2024-10-02T15:54:02","modified_gmt":"2024-10-02T13:54:02","slug":"digitalizacija","status":"publish","type":"page","link":"https:\/\/demat.si\/?page_id=829","title":{"rendered":"Digitalizacija"},"content":{"rendered":"<h3>Digitalizacija in skeniranje dokumentov<\/h3>\n<p>V na\u0161i ponudbi digitalizacije poskrbimo za varno in kakovostno pretvorbo vezanega knji\u017enega gradiva do formata A3. Na\u0161a tehnologija omogo\u010da zajem gradiva v razli\u010dnih slikovnih formatih, kot so JPEG, TIFF, PDF ali drugi po va\u0161i izbiri. Gradivo lahko shranimo v 8-bitnem sivinskem ali 1-bitnem \u010cB na\u010dinu, prilagojeno knji\u017eni produkciji, namenjejo predvsem ponatisom obstoje\u010dih tiskovin.<\/p>\n<h4>Pretvorba v dokumentarne formate<\/h4>\n<p>Digitalizirano gradivo lahko pretvorimo v uporabne formate, kot sta PDF z OCR funkcijo ali Microsoft Word. S tem omogo\u010damo hitro iskanje pojmov znotraj dokumenta ter enostavno nadaljnjo obdelavo. Va\u0161i digitalizirani dokumenti bodo pripravljeni za dostop na zahtevo ali dodatno obdelavo.<\/p>\n<h4>Zanesljivo skeniranje knjig<\/h4>\n<p>S sodobno opremo zagotavljamo zanesljivo skeniranje vezanih dokumentov in knjig brez potrebe po njihovem razstavljanju ali po\u0161kodovanju. Skeniramo lahko gradivo v formatih od A6 do A4, po dogovoru pa tudi ve\u010dje formate, \u010de je mo\u017eno tiskovine razstaviti.<\/p>\n<h4>Shramba in dostava digitaliziranih dokumentov<\/h4>\n<p>Obdelane in digitalizirane dokumente vam dostavimo na na\u010din v primerni e-obliki.<\/p>\n<h4>Opti\u010dno prepoznavanje znakov (OCR)<\/h4>\n<p>Za \u0161e ve\u010djo funkcionalnost ponujamo tudi storitev OCR (Optical Character Recognition). Ta tehnologija omogo\u010da pretvorbo skeniranih slikovnih dokumentov v besedilne informacije, kar omogo\u010da enostavno iskanje po dokumentu in dodatno obdelavo besedila.<\/p>\n","protected":false},"excerpt":{"rendered":"<p>Digitalizacija in skeniranje dokumentov V na\u0161i ponudbi digitalizacije poskrbimo za varno in kakovostno pretvorbo vezanega knji\u017enega gradiva do formata A3. Na\u0161a tehnologija omogo\u010da zajem gradiva v razli\u010dnih slikovnih formatih, kot so JPEG, TIFF, PDF ali drugi po va\u0161i izbiri. Gradivo lahko shranimo v 8-bitnem sivinskem ali 1-bitnem \u010cB na\u010dinu, prilagojeno knji\u017eni produkciji, namenjejo predvsem ponatisom [&hellip;]<\/p>\n","protected":false},"author":1,"featured_media":0,"parent":0,"menu_order":0,"comment_status":"closed","ping_status":"closed","template":"","meta":{"rank_math_lock_modified_date":false,"footnotes":""},"class_list":["post-829","page","type-page","status-publish","czr-hentry"],"_links":{"self":[{"href":"https:\/\/demat.si\/index.php?rest_route=\/wp\/v2\/pages\/829"}],"collection":[{"href":"https:\/\/demat.si\/index.php?rest_route=\/wp\/v2\/pages"}],"about":[{"href":"https:\/\/demat.si\/index.php?rest_route=\/wp\/v2\/types\/page"}],"author":[{"embeddable":true,"href":"https:\/\/demat.si\/index.php?rest_route=\/wp\/v2\/users\/1"}],"replies":[{"embeddable":true,"href":"https:\/\/demat.si\/index.php?rest_route=%2Fwp%2Fv2%2Fcomments&post=829"}],"version-history":[{"count":3,"href":"https:\/\/demat.si\/index.php?rest_route=\/wp\/v2\/pages\/829\/revisions"}],"predecessor-version":[{"id":1238,"href":"https:\/\/demat.si\/index.php?rest_route=\/wp\/v2\/pages\/829\/revisions\/1238"}],"wp:attachment":[{"href":"https:\/\/demat.si\/index.php?rest_route=%2Fwp%2Fv2%2Fmedia&parent=829"}],"curies":[{"name":"wp","href":"https:\/\/api.w.org\/{rel}","templated":true}]}}