{"id":827,"date":"2024-08-12T09:13:49","date_gmt":"2024-08-12T07:13:49","guid":{"rendered":"https:\/\/demat.si\/?page_id=827"},"modified":"2024-10-02T15:48:26","modified_gmt":"2024-10-02T13:48:26","slug":"graficno-oblikovanje","status":"publish","type":"page","link":"https:\/\/demat.si\/?page_id=827","title":{"rendered":"Grafi\u010dno oblikovanje"},"content":{"rendered":"<h3>Grafi\u010dno oblikovanje za vsako prilo\u017enost<\/h3>\n<p>Z veseljem vas obve\u0161\u010damo, da smo raz\u0161irili na\u0161o ponudbo s storitvami grafi\u010dnega oblikovanja in vam lahko ponudimo tehni\u010dno in kreativno grafi\u010dno pripravo za vse va\u0161e tiskovine.<\/p>\n<h4>Na\u0161e storitve vklju\u010dujejo:<\/h4>\n<ul>\n<li><strong>Celostno grafi\u010dno podobo (CGP):<\/strong> Poskrbimo, da bo va\u0161a blagovna znamka izstopala s celovito vizualno identiteto, prilagojeno va\u0161im potrebam.<\/li>\n<li><strong>Oblikovanje tiskovin:<\/strong> Vizitke, dopisi, letaki, plakati, kuponi, vstopnice, transparenti in ve\u010d. Vse, kar potrebujete za u\u010dinkovito promocijo.<\/li>\n<li><strong>Oblikovanje publikacij:<\/strong> Katalogi, ceniki, zlo\u017eenke, mape, etikete in drugi tiskani materiali \u2013 tehni\u010dno in oblikovno pripravljeni za tisk.<\/li>\n<li><strong>Oblikovanje, tehni\u010dno urejanje in prelom publikacij:<\/strong> Nudimo celovito pripravo knjig, revij, bro\u0161ur, zlo\u017eenk in katalogov \u2013 poskrbimo, da bo vse popolno od prve do zadnje strani. Na vas je le, da temeljito pripravite vsebinski del.<\/li>\n<\/ul>\n<h4>Specialistka za grafi\u010dno oblikovanje<\/h4>\n<p>Za tehni\u010dno in estetsko dovr\u0161ene oblikovne re\u0161itve skrbi na\u0161a oblikovalka Mateja Vrbinc, ki ima bogate izku\u0161nje predvsem pri zahtevnih projektih, kot so oblikovanje knjig in obse\u017enej\u0161ih publikacij. Seveda pa z veseljem pripravi tudi enostavnej\u0161e tiskovine, kot so letaki, vizitke in plakati.<\/p>\n<p>\u010ce imate vpra\u0161anja ali \u017eelite naro\u010diti grafi\u010dno oblikovanje, se lahko tudi neposredno obrnete na Matejo preko e-po\u0161te: <strong><a rel=\"noopener\">mateja@demat.si<\/a><\/strong><\/p>\n","protected":false},"excerpt":{"rendered":"<p>Grafi\u010dno oblikovanje za vsako prilo\u017enost Z veseljem vas obve\u0161\u010damo, da smo raz\u0161irili na\u0161o ponudbo s storitvami grafi\u010dnega oblikovanja in vam lahko ponudimo tehni\u010dno in kreativno grafi\u010dno pripravo za vse va\u0161e tiskovine. Na\u0161e storitve vklju\u010dujejo: Celostno grafi\u010dno podobo (CGP): Poskrbimo, da bo va\u0161a blagovna znamka izstopala s celovito vizualno identiteto, prilagojeno va\u0161im potrebam. Oblikovanje tiskovin: Vizitke, [&hellip;]<\/p>\n","protected":false},"author":1,"featured_media":0,"parent":0,"menu_order":0,"comment_status":"closed","ping_status":"closed","template":"","meta":{"rank_math_lock_modified_date":false,"footnotes":""},"class_list":["post-827","page","type-page","status-publish","czr-hentry"],"_links":{"self":[{"href":"https:\/\/demat.si\/index.php?rest_route=\/wp\/v2\/pages\/827"}],"collection":[{"href":"https:\/\/demat.si\/index.php?rest_route=\/wp\/v2\/pages"}],"about":[{"href":"https:\/\/demat.si\/index.php?rest_route=\/wp\/v2\/types\/page"}],"author":[{"embeddable":true,"href":"https:\/\/demat.si\/index.php?rest_route=\/wp\/v2\/users\/1"}],"replies":[{"embeddable":true,"href":"https:\/\/demat.si\/index.php?rest_route=%2Fwp%2Fv2%2Fcomments&post=827"}],"version-history":[{"count":4,"href":"https:\/\/demat.si\/index.php?rest_route=\/wp\/v2\/pages\/827\/revisions"}],"predecessor-version":[{"id":1234,"href":"https:\/\/demat.si\/index.php?rest_route=\/wp\/v2\/pages\/827\/revisions\/1234"}],"wp:attachment":[{"href":"https:\/\/demat.si\/index.php?rest_route=%2Fwp%2Fv2%2Fmedia&parent=827"}],"curies":[{"name":"wp","href":"https:\/\/api.w.org\/{rel}","templated":true}]}}