{"id":1256,"date":"2024-11-09T14:37:30","date_gmt":"2024-11-09T12:37:30","guid":{"rendered":"https:\/\/demat.si\/?page_id=1256"},"modified":"2025-04-10T14:50:53","modified_gmt":"2025-04-10T12:50:53","slug":"layflay-vezava-kartonka-ravna-knjiga","status":"publish","type":"page","link":"https:\/\/demat.si\/?page_id=1256","title":{"rendered":"Layflat vezava &#8211; kartonka &#8211; ravna knjiga"},"content":{"rendered":"<p><strong>Layflat vezava &#8211; Inovativna vezava za brezhibno izku\u0161njo prelistavanja<\/strong><\/p>\n<p>Layflat vezava ponuja revolucionarno re\u0161itev v svetu tiskovin. Ta posebna vezava omogo\u010da, da se strani knjige, bele\u017enice ali planerja povsem polo\u017eijo na ravno povr\u0161ino, kar zagotavlja nemoteno branje in pisanje brez stalnega pritiska na strani. Z zasnovo, ki zdru\u017euje estetiko in funkcionalnost, je layflat vezava popolna izbira za vse, ki i\u0161\u010dejo elegantno in prakti\u010dno re\u0161itev.<\/p>\n<p>Glavne prednosti Layflat vezave:<\/p>\n<ul>\n<li><strong>Popolno odpiranje strani:<\/strong> Strani se v celoti polo\u017eijo, brez dodatnega pritiska.<\/li>\n<li><strong>Elegantna estetika:<\/strong> Oblikovanje, ki poskrbi za moderen in profesionalen videz.<\/li>\n<li><strong>Funkcionalnost:<\/strong> Idealen za zapisovanje ali risanje brez prekinitev v bli\u017eini vezave.<\/li>\n<li><strong>Dolgotrajna obstojnost:<\/strong> Visoka kakovost materialov zagotavlja dolgo \u017eivljenjsko dobo.<\/li>\n<\/ul>\n<p>Layflat vezava je primerna za planerje, bele\u017eke, umetni\u0161ke albume, fotoknjige, slikanice in druge tiskovine, kjer sta pomembna estetika in funkcionalnost. Izberite layflat vezavo za izdelek, ki ne le izgleda \u010dudovito, temve\u010d zagotavlja tudi odli\u010dno uporabni\u0161ko izku\u0161njo.<\/p>\n<p>Za izvedbo va\u0161e fotoknjige, slikanice, kartonke, nas prosim kontaktirajte za ponudbo.<\/p>\n","protected":false},"excerpt":{"rendered":"<p>Layflat vezava &#8211; Inovativna vezava za brezhibno izku\u0161njo prelistavanja Layflat vezava ponuja revolucionarno re\u0161itev v svetu tiskovin. Ta posebna vezava omogo\u010da, da se strani knjige, bele\u017enice ali planerja povsem polo\u017eijo na ravno povr\u0161ino, kar zagotavlja nemoteno branje in pisanje brez stalnega pritiska na strani. Z zasnovo, ki zdru\u017euje estetiko in funkcionalnost, je layflat vezava popolna [&hellip;]<\/p>\n","protected":false},"author":1,"featured_media":0,"parent":0,"menu_order":0,"comment_status":"closed","ping_status":"closed","template":"","meta":{"rank_math_lock_modified_date":false,"footnotes":""},"class_list":["post-1256","page","type-page","status-publish","czr-hentry"],"_links":{"self":[{"href":"https:\/\/demat.si\/index.php?rest_route=\/wp\/v2\/pages\/1256"}],"collection":[{"href":"https:\/\/demat.si\/index.php?rest_route=\/wp\/v2\/pages"}],"about":[{"href":"https:\/\/demat.si\/index.php?rest_route=\/wp\/v2\/types\/page"}],"author":[{"embeddable":true,"href":"https:\/\/demat.si\/index.php?rest_route=\/wp\/v2\/users\/1"}],"replies":[{"embeddable":true,"href":"https:\/\/demat.si\/index.php?rest_route=%2Fwp%2Fv2%2Fcomments&post=1256"}],"version-history":[{"count":4,"href":"https:\/\/demat.si\/index.php?rest_route=\/wp\/v2\/pages\/1256\/revisions"}],"predecessor-version":[{"id":1285,"href":"https:\/\/demat.si\/index.php?rest_route=\/wp\/v2\/pages\/1256\/revisions\/1285"}],"wp:attachment":[{"href":"https:\/\/demat.si\/index.php?rest_route=%2Fwp%2Fv2%2Fmedia&parent=1256"}],"curies":[{"name":"wp","href":"https:\/\/api.w.org\/{rel}","templated":true}]}}