{"id":1242,"date":"2024-10-02T16:07:36","date_gmt":"2024-10-02T14:07:36","guid":{"rendered":"https:\/\/demat.si\/?page_id=1242"},"modified":"2025-03-27T13:08:34","modified_gmt":"2025-03-27T11:08:34","slug":"3d-uv-lak-in-3d-zlatotisk","status":"publish","type":"page","link":"https:\/\/demat.si\/?page_id=1242","title":{"rendered":"3D UV lak in 3D zlatotisk"},"content":{"rendered":"<div style=\"width: 1140px;\" class=\"wp-video\"><!--[if lt IE 9]><script>document.createElement('video');<\/script><![endif]-->\n<video class=\"wp-video-shortcode\" id=\"video-1242-1\" width=\"1140\" height=\"530\" preload=\"metadata\" controls=\"controls\"><source type=\"video\/mp4\" src=\"http:\/\/demat.si\/wp-content\/uploads\/2025\/03\/zlatotisk-video.mp4?_=1\" \/><a href=\"http:\/\/demat.si\/wp-content\/uploads\/2025\/03\/zlatotisk-video.mp4\">http:\/\/demat.si\/wp-content\/uploads\/2025\/03\/zlatotisk-video.mp4<\/a><\/video><\/div>\n<h3>Novost v na\u0161i tiskarni: MGI oprema za 3D UV lakiranje in 3D zlatotisk<\/h3>\n<p>Z veseljem vam sporo\u010damo, da smo na\u0161o tiskarno nadgradili z najsodobnej\u0161o <strong>MGI opremo za 3D UV lakiranje in 3D zlatotisk<\/strong>. Ta tehnolo\u0161ka pridobitev nam omogo\u010da, da va\u0161im tiskovinam dodamo presti\u017een in edinstven videz, ki bo zagotovo izstopal ter pritegnil pozornost va\u0161ih strank.<\/p>\n<h4>Kaj prina\u0161a nova tehnologija?<\/h4>\n<ul>\n<li><strong>3D UV lakiranje<\/strong>: S pomo\u010djo 3D UV lakiranja lahko na tiskovine nanesemo reliefni sloj laka, ki ustvari otipljivo teksturo in vizualno globino. To je idealno za poudarjanje klju\u010dnih elementov, kot so logotipi, naslovi ali posebne grafike na vizitkah, bro\u0161urah, embala\u017ei in drugih promocijskih materialih.<\/li>\n<li><strong>3D zlatotisk<\/strong>: Ta tehnika omogo\u010da nanos kovinskih folij v 3D u\u010dinku, kar doda luksuzen sijaj in eleganco va\u0161im tiskovinam. Odli\u010dna je za posebne prilo\u017enosti, vabila, certifikate, darilne kartice in vse, kjer \u017eelite dose\u010di visokokakovosten vtis.<\/li>\n<\/ul>\n<h4>Prednosti za va\u0161e poslovanje<\/h4>\n<ul>\n<li><strong>Izbolj\u0161ana prepoznavnost<\/strong>: S 3D elementi bodo va\u0161e tiskovine izstopale in pustile trajen vtis pri strankah.<\/li>\n<li><strong>Personalizacija<\/strong>: Ponujamo prilagodljive re\u0161itve, ki se popolnoma ujemajo z va\u0161o blagovno znamko in marketin\u0161kimi cilji.<\/li>\n<li><strong>Kakovost in hitrost<\/strong>: Z lastno vrhunsko opremo zagotavljamo hitro izvedbo in vrhunsko kakovost brez potrebe po zunanjih izvajalcih.<\/li>\n<\/ul>\n<h4>Stopite v stik z nami<\/h4>\n<p>Pripravljeni smo, da va\u0161e ideje spremenimo v resni\u010dnost. <strong>Kontaktirajte nas<\/strong> \u0161e danes za individualno svetovanje in ponudbo. Na\u0161a ekipa strokovnjakov vam bo pomagala izbrati najbolj\u0161o re\u0161itev za va\u0161e potrebe.<\/p>\n","protected":false},"excerpt":{"rendered":"<p>Novost v na\u0161i tiskarni: MGI oprema za 3D UV lakiranje in 3D zlatotisk Z veseljem vam sporo\u010damo, da smo na\u0161o tiskarno nadgradili z najsodobnej\u0161o MGI opremo za 3D UV lakiranje in 3D zlatotisk. Ta tehnolo\u0161ka pridobitev nam omogo\u010da, da va\u0161im tiskovinam dodamo presti\u017een in edinstven videz, ki bo zagotovo izstopal ter pritegnil pozornost va\u0161ih strank. [&hellip;]<\/p>\n","protected":false},"author":1,"featured_media":0,"parent":0,"menu_order":0,"comment_status":"closed","ping_status":"closed","template":"","meta":{"rank_math_lock_modified_date":false,"footnotes":""},"class_list":["post-1242","page","type-page","status-publish","czr-hentry"],"_links":{"self":[{"href":"https:\/\/demat.si\/index.php?rest_route=\/wp\/v2\/pages\/1242"}],"collection":[{"href":"https:\/\/demat.si\/index.php?rest_route=\/wp\/v2\/pages"}],"about":[{"href":"https:\/\/demat.si\/index.php?rest_route=\/wp\/v2\/types\/page"}],"author":[{"embeddable":true,"href":"https:\/\/demat.si\/index.php?rest_route=\/wp\/v2\/users\/1"}],"replies":[{"embeddable":true,"href":"https:\/\/demat.si\/index.php?rest_route=%2Fwp%2Fv2%2Fcomments&post=1242"}],"version-history":[{"count":4,"href":"https:\/\/demat.si\/index.php?rest_route=\/wp\/v2\/pages\/1242\/revisions"}],"predecessor-version":[{"id":1283,"href":"https:\/\/demat.si\/index.php?rest_route=\/wp\/v2\/pages\/1242\/revisions\/1283"}],"wp:attachment":[{"href":"https:\/\/demat.si\/index.php?rest_route=%2Fwp%2Fv2%2Fmedia&parent=1242"}],"curies":[{"name":"wp","href":"https:\/\/api.w.org\/{rel}","templated":true}]}}